{"id":8,"date":"2025-08-27T12:11:36","date_gmt":"2025-08-27T10:11:36","guid":{"rendered":"https:\/\/www.pestrekoberce.sk\/?page_id=8"},"modified":"2025-08-27T21:41:58","modified_gmt":"2025-08-27T19:41:58","slug":"domov","status":"publish","type":"page","link":"https:\/\/www.pestrekoberce.sk\/","title":{"rendered":"Domov"},"content":{"rendered":"\n<div class=\"wp-block-columns is-layout-flex wp-container-core-columns-is-layout-9d6595d7 wp-block-columns-is-layout-flex\">\n<div class=\"wp-block-column is-layout-flow wp-block-column-is-layout-flow\">\n<figure class=\"wp-block-image size-large is-style-default\"><img loading=\"lazy\" decoding=\"async\" width=\"683\" height=\"1024\" src=\"https:\/\/www.pestrekoberce.sk\/wp-content\/uploads\/2025\/08\/Dreamy-Pals-4-683x1024.png\" alt=\"\" class=\"wp-image-13\" style=\"aspect-ratio:1;object-fit:cover\" srcset=\"https:\/\/www.pestrekoberce.sk\/wp-content\/uploads\/2025\/08\/Dreamy-Pals-4-683x1024.png 683w, https:\/\/www.pestrekoberce.sk\/wp-content\/uploads\/2025\/08\/Dreamy-Pals-4-200x300.png 200w, https:\/\/www.pestrekoberce.sk\/wp-content\/uploads\/2025\/08\/Dreamy-Pals-4-768x1152.png 768w, https:\/\/www.pestrekoberce.sk\/wp-content\/uploads\/2025\/08\/Dreamy-Pals-4.png 1024w\" sizes=\"auto, (max-width: 683px) 100vw, 683px\" \/><\/figure>\n<\/div>\n\n\n\n<div class=\"wp-block-column has-medium-font-size is-layout-flow wp-block-column-is-layout-flow\">\n<p><\/p>\n\n\n\n<blockquote class=\"wp-block-quote is-layout-flow wp-block-quote-is-layout-flow\">\n<p><\/p>\n\n\n\n<p class=\"has-text-align-center has-black-color has-text-color has-link-color has-medium-font-size wp-elements-01656183c079ab251c872e2d565ce183\">Som oby\u010dajn\u00e1 mama, ktor\u00e1 na\u0161la rados\u0165 vo vytv\u00e1ran\u00ed origin\u00e1lnych kobercov. Ka\u017ed\u00fd k\u00fasok je ru\u010dne roben\u00fd s l\u00e1skou a starostlivos\u0165ou, aby priniesol teplo a rados\u0165 do v\u00e1\u0161ho domova. <\/p>\n\n\n\n<p class=\"has-text-align-center has-black-color has-text-color has-link-color has-medium-font-size wp-elements-d46f23d68f6719a27c1f7daff6606625\">Prezrite si moju gal\u00e9riu, kolekcie alebo si vyberte koberec, ktor\u00fd je pr\u00e1ve vo\u013en\u00fd.<\/p>\n\n\n\n<div class=\"wp-block-buttons is-content-justification-center is-layout-flex wp-container-core-buttons-is-layout-16018d1d wp-block-buttons-is-layout-flex\">\n<div class=\"wp-block-button is-style-outline is-style-outline--1\"><a class=\"wp-block-button__link has-black-color has-luminous-vivid-amber-background-color has-text-color has-background has-link-color has-medium-font-size has-custom-font-size wp-element-button\" href=\"https:\/\/www.pestrekoberce.sk\/?page_id=37\"><mark style=\"background-color:rgba(0, 0, 0, 0)\" class=\"has-inline-color has-black-color\">Pozrie\u0165 gal\u00e9riu<\/mark><\/a><\/div>\n<\/div>\n<\/blockquote>\n<\/div>\n<\/div>\n\n\n\n<h2 class=\"wp-block-heading has-luminous-vivid-amber-color has-text-color has-link-color has-x-large-font-size wp-elements-2d440c39542297e0e33482d942f8c97f\">Kolekcie<\/h2>\n\n\n\n<p class=\"has-black-color has-text-color has-link-color has-medium-font-size wp-elements-4a8dab380e236be9dd6148559de3c6d6\">Okrem v\u00fdroby kobercov pod\u013ea predst\u00e1v z\u00e1kazn\u00edkov pracujem aj na vlastn\u00fdch unik\u00e1tnych kolekci\u00e1ch, kde ka\u017ed\u00fd k\u00fasok vznik\u00e1 \u00faplne origin\u00e1lne.<\/p>\n\n\n\n<div class=\"wp-block-buttons is-content-justification-center is-layout-flex wp-container-core-buttons-is-layout-16018d1d wp-block-buttons-is-layout-flex\">\n<div class=\"wp-block-button is-style-outline is-style-outline--2\"><a class=\"wp-block-button__link has-black-color has-luminous-vivid-amber-background-color has-text-color has-background has-link-color has-medium-font-size has-custom-font-size wp-element-button\" href=\"https:\/\/www.pestrekoberce.sk\/?page_id=24\"><mark style=\"background-color:rgba(0, 0, 0, 0)\" class=\"has-inline-color has-black-color\">Pozrie\u0165 kolekcie<\/mark><\/a><\/div>\n<\/div>\n\n\n\n<h2 class=\"wp-block-heading has-luminous-vivid-amber-color has-text-color has-link-color has-x-large-font-size wp-elements-26d456b78dbd486bdb782bb4b58190ac\">O mne<\/h2>\n\n\n\n<p class=\"has-black-color has-text-color has-link-color has-medium-font-size wp-elements-7f654cf2fb5392c2031bc2fa7666f9cc\">Vol\u00e1m sa Katka. Na\u0161la som rados\u0165 vo vytv\u00e1ran\u00ed kobercov. Ka\u017ed\u00fd koberec, ktor\u00fd tvor\u00edm je roben\u00fd s l\u00e1skou a trpezlivos\u0165ou. Milujem experimentova\u0165 s farbami a vzormi. Rada tvor\u00edm koberce, ktor\u00e9 pote\u0161ia deti aj dospel\u00fdch. <\/p>\n\n\n\n<p class=\"has-black-color has-text-color has-link-color has-medium-font-size wp-elements-f7804b9f251e2e1b7877a916f84f53cc\">Ka\u017ed\u00fd koberec m\u00e1 svoj pr\u00edbeh. Zauj\u00edma \u0165a ako vznikaj\u00fa?<\/p>\n\n\n\n<div class=\"wp-block-buttons is-content-justification-center is-layout-flex wp-container-core-buttons-is-layout-16018d1d wp-block-buttons-is-layout-flex\">\n<div class=\"wp-block-button is-style-outline is-style-outline--3\"><a class=\"wp-block-button__link has-black-color has-luminous-vivid-amber-background-color has-text-color has-background has-link-color has-medium-font-size has-custom-font-size wp-element-button\" href=\"https:\/\/www.pestrekoberce.sk\/?page_id=41\"><mark style=\"background-color:rgba(0, 0, 0, 0)\" class=\"has-inline-color has-black-color\">O kobercoch<\/mark><\/a><\/div>\n<\/div>\n\n\n\n<h2 class=\"wp-block-heading has-luminous-vivid-amber-color has-text-color has-link-color has-x-large-font-size wp-elements-f93ccd9296dcf479b224ee82a46dc174\">Vo\u013en\u00e9 koberce<\/h2>\n\n\n\n<p class=\"has-black-color has-text-color has-link-color has-medium-font-size wp-elements-65fed3757748352b39b0d3b68aa0f920\">Pri tvorbe mojich kolekci\u00ed ka\u017ed\u00fd koberec najprv vznikne ako samostatn\u00fd k\u00fasok \u2013 e\u0161te predt\u00fdm, ne\u017e si n\u00e1jde svojho majite\u013ea. Niekedy tak vznikn\u00fa aj koberce, ktor\u00e9 s\u00fa okam\u017eite k dispoz\u00edcii pre nov\u00fd domov.<\/p>\n\n\n\n<div class=\"wp-block-buttons is-content-justification-center is-layout-flex wp-container-core-buttons-is-layout-16018d1d wp-block-buttons-is-layout-flex\">\n<div class=\"wp-block-button is-style-outline is-style-outline--4\"><a class=\"wp-block-button__link has-black-color has-luminous-vivid-amber-background-color has-text-color has-background has-link-color has-medium-font-size has-custom-font-size wp-element-button\" href=\"https:\/\/www.pestrekoberce.sk\/?page_id=39\"><mark style=\"background-color:rgba(0, 0, 0, 0)\" class=\"has-inline-color has-black-color\">Vo\u013en\u00e9 koberce<\/mark><\/a><\/div>\n<\/div>\n\n\n\n<h2 class=\"wp-block-heading has-luminous-vivid-amber-color has-text-color has-link-color has-x-large-font-size wp-elements-80a079e5ea27289f2f24d677594a4661\">Cenn\u00edk<\/h2>\n\n\n\n<p class=\"has-black-color has-text-color has-link-color has-medium-font-size wp-elements-5a3dadc5802f151a008f356fff9e5a86\">Ka\u017ed\u00fd koberec je jedine\u010dn\u00fd, a preto sa aj jeho cena ur\u010duje individu\u00e1lne pod\u013ea ve\u013ekosti, zlo\u017eitosti vzoru a pou\u017eit\u00fdch materi\u00e1lov. Chce\u0161 vedie\u0165, ako sa nace\u0148uje tvoj bud\u00faci koberec?<\/p>\n\n\n\n<div class=\"wp-block-buttons is-content-justification-center is-layout-flex wp-container-core-buttons-is-layout-16018d1d wp-block-buttons-is-layout-flex\">\n<div class=\"wp-block-button is-style-outline is-style-outline--5\"><a class=\"wp-block-button__link has-black-color has-luminous-vivid-amber-background-color has-text-color has-background has-link-color has-medium-font-size has-custom-font-size wp-element-button\" href=\"https:\/\/www.pestrekoberce.sk\/?page_id=43\"><mark style=\"background-color:rgba(0, 0, 0, 0)\" class=\"has-inline-color has-black-color\">Pozrie\u0165 podrobnosti<\/mark><\/a><\/div>\n<\/div>\n\n\n\n<h2 class=\"wp-block-heading has-luminous-vivid-amber-color has-text-color has-link-color has-large-font-size wp-elements-f120e23392da88d57fef603824e4cb8c\">Kontakt<\/h2>\n\n\n\n<p class=\"has-black-color has-text-color has-link-color has-medium-font-size wp-elements-8292f29c3b2c9f94b77d914db1f4effd\">Chce\u0161 sa op\u00fdta\u0165 na koberec alebo navrhn\u00fa\u0165 vlastn\u00fd? Ozvi sa mi a rada ti odpoviem.<\/p>\n\n\n\n<div class=\"wp-block-buttons is-content-justification-center is-layout-flex wp-container-core-buttons-is-layout-16018d1d wp-block-buttons-is-layout-flex\">\n<div class=\"wp-block-button is-style-outline is-style-outline--6\"><a class=\"wp-block-button__link has-black-color has-luminous-vivid-amber-background-color has-text-color has-background has-link-color has-medium-font-size has-custom-font-size wp-element-button\" href=\"https:\/\/www.pestrekoberce.sk\/?page_id=45\"><mark style=\"background-color:rgba(0, 0, 0, 0)\" class=\"has-inline-color has-black-color\">Kontaktova\u0165 ma<\/mark><\/a><\/div>\n<\/div>\n","protected":false},"excerpt":{"rendered":"<p>Som oby\u010dajn\u00e1 mama, ktor\u00e1 na\u0161la rados\u0165 vo vytv\u00e1ran\u00ed origin\u00e1lnych kobercov. Ka\u017ed\u00fd k\u00fasok je ru\u010dne roben\u00fd s l\u00e1skou a starostlivos\u0165ou, aby priniesol teplo a rados\u0165 do v\u00e1\u0161ho domova. Prezrite si moju gal\u00e9riu, kolekcie alebo si vyberte koberec, ktor\u00fd je pr\u00e1ve vo\u013en\u00fd. Kolekcie Okrem v\u00fdroby kobercov pod\u013ea predst\u00e1v z\u00e1kazn\u00edkov pracujem aj na vlastn\u00fdch unik\u00e1tnych kolekci\u00e1ch, kde ka\u017ed\u00fd [&hellip;]<\/p>\n","protected":false},"author":1,"featured_media":0,"parent":0,"menu_order":0,"comment_status":"closed","ping_status":"closed","template":"","meta":{"footnotes":""},"class_list":["post-8","page","type-page","status-publish","hentry"],"_links":{"self":[{"href":"https:\/\/www.pestrekoberce.sk\/index.php?rest_route=\/wp\/v2\/pages\/8","targetHints":{"allow":["GET"]}}],"collection":[{"href":"https:\/\/www.pestrekoberce.sk\/index.php?rest_route=\/wp\/v2\/pages"}],"about":[{"href":"https:\/\/www.pestrekoberce.sk\/index.php?rest_route=\/wp\/v2\/types\/page"}],"author":[{"embeddable":true,"href":"https:\/\/www.pestrekoberce.sk\/index.php?rest_route=\/wp\/v2\/users\/1"}],"replies":[{"embeddable":true,"href":"https:\/\/www.pestrekoberce.sk\/index.php?rest_route=%2Fwp%2Fv2%2Fcomments&post=8"}],"version-history":[{"count":16,"href":"https:\/\/www.pestrekoberce.sk\/index.php?rest_route=\/wp\/v2\/pages\/8\/revisions"}],"predecessor-version":[{"id":55,"href":"https:\/\/www.pestrekoberce.sk\/index.php?rest_route=\/wp\/v2\/pages\/8\/revisions\/55"}],"wp:attachment":[{"href":"https:\/\/www.pestrekoberce.sk\/index.php?rest_route=%2Fwp%2Fv2%2Fmedia&parent=8"}],"curies":[{"name":"wp","href":"https:\/\/api.w.org\/{rel}","templated":true}]}}