{"id":43,"date":"2025-08-27T13:53:46","date_gmt":"2025-08-27T11:53:46","guid":{"rendered":"https:\/\/www.pestrekoberce.sk\/?page_id=43"},"modified":"2025-08-27T16:19:07","modified_gmt":"2025-08-27T14:19:07","slug":"cennik","status":"publish","type":"page","link":"https:\/\/www.pestrekoberce.sk\/?page_id=43","title":{"rendered":"Cenn\u00edk"},"content":{"rendered":"\n<p class=\"has-black-color has-text-color has-link-color wp-elements-8fc0cfd51c43e787d391e1a7bdf4cb29\">Ka\u017ed\u00fd koberec je jedine\u010dn\u00fd, preto sa jeho cena odv\u00edja od viacer\u00fdch faktorov:<\/p>\n\n\n\n<ul class=\"wp-block-list\">\n<li class=\"has-black-color has-text-color has-link-color wp-elements-2e630706198035f6519e361bb879eaf4\"><strong>Ve\u013ekos\u0165 koberca<\/strong> \u2013 v\u00e4\u010d\u0161\u00ed koberec vy\u017eaduje viac materi\u00e1lu a \u010dasu na v\u00fdrobu. Moment\u00e1lne vyr\u00e1bam koberce do maxim\u00e1lneho rozmeru 85x85cm.<\/li>\n\n\n\n<li class=\"has-black-color has-text-color has-link-color wp-elements-65862326e348a568dcf88273d2964e28\"><strong>Zlo\u017eitos\u0165 vzoru<\/strong> \u2013 n\u00e1ro\u010dnej\u0161ie a detailnej\u0161ie mot\u00edvy vy\u017eaduj\u00fa viac pr\u00e1ce a prec\u00edznosti.<\/li>\n\n\n\n<li class=\"has-black-color has-text-color has-link-color wp-elements-cdc9d2168ca6b857c829b5b7826e815b\"><strong>Po\u010det farieb<\/strong> \u2013 kombinovanie viacer\u00fdch farieb m\u00f4\u017ee pred\u013a\u017ei\u0165 v\u00fdrobn\u00fd proces a zv\u00fd\u0161i\u0165 n\u00e1ro\u010dnos\u0165.<\/li>\n\n\n\n<li class=\"has-black-color has-text-color has-link-color wp-elements-60143e71af836de11b4575edc3c0e50e\"><strong>Typ priadze<\/strong> \u2013 r\u00f4zne materi\u00e1ly alebo \u0161peci\u00e1lne efekty m\u00f4\u017eu ovplyvni\u0165 kone\u010dn\u00fa cenu.<\/li>\n\n\n\n<li class=\"has-black-color has-text-color has-link-color wp-elements-c45cd975ee2b64a95f1a22b2a9691aae\"><strong>Doplnkov\u00e9 \u00fapravy<\/strong> \u2013 napr\u00edklad proti\u0161mykov\u00e1 podlo\u017eka, \u0161peci\u00e1lne tvarovanie alebo prisp\u00f4sobenie na stenu.<\/li>\n<\/ul>\n\n\n\n<p class=\"has-black-color has-text-color has-link-color wp-elements-a7dd763b7a73e42dc1379ee24165b44c\">Ka\u017ed\u00fd koberec tak vznik\u00e1 ako unik\u00e1tny k\u00fasok, ktor\u00e9ho cena odr\u00e1\u017ea kvalitu materi\u00e1lov a \u010das venovan\u00fd jeho tvorbe.<\/p>\n\n\n\n<p class=\"has-black-color has-text-color has-link-color wp-elements-02928fde1cb486e5832e73159b383bb8\">Po pripraven\u00ed n\u00e1vrhu, vybrat\u00ed farieb a n\u00e1slednom schv\u00e1len\u00ed od z\u00e1kazn\u00edka vypo\u010d\u00edtam predbe\u017en\u00fa cenu e\u0161te pred za\u010dat\u00edm v\u00fdroby za jednotliv\u00fd koberec. Fin\u00e1lna cena z\u00e1vis\u00ed od \u010dasu samotn\u00e9ho procesu v\u00fdroby.<\/p>\n","protected":false},"excerpt":{"rendered":"<p>Ka\u017ed\u00fd koberec je jedine\u010dn\u00fd, preto sa jeho cena odv\u00edja od viacer\u00fdch faktorov: Ka\u017ed\u00fd koberec tak vznik\u00e1 ako unik\u00e1tny k\u00fasok, ktor\u00e9ho cena odr\u00e1\u017ea kvalitu materi\u00e1lov a \u010das venovan\u00fd jeho tvorbe. Po pripraven\u00ed n\u00e1vrhu, vybrat\u00ed farieb a n\u00e1slednom schv\u00e1len\u00ed od z\u00e1kazn\u00edka vypo\u010d\u00edtam predbe\u017en\u00fa cenu e\u0161te pred za\u010dat\u00edm v\u00fdroby za jednotliv\u00fd koberec. Fin\u00e1lna cena z\u00e1vis\u00ed od \u010dasu samotn\u00e9ho [&hellip;]<\/p>\n","protected":false},"author":1,"featured_media":0,"parent":0,"menu_order":0,"comment_status":"closed","ping_status":"closed","template":"","meta":{"footnotes":""},"class_list":["post-43","page","type-page","status-publish","hentry"],"_links":{"self":[{"href":"https:\/\/www.pestrekoberce.sk\/index.php?rest_route=\/wp\/v2\/pages\/43","targetHints":{"allow":["GET"]}}],"collection":[{"href":"https:\/\/www.pestrekoberce.sk\/index.php?rest_route=\/wp\/v2\/pages"}],"about":[{"href":"https:\/\/www.pestrekoberce.sk\/index.php?rest_route=\/wp\/v2\/types\/page"}],"author":[{"embeddable":true,"href":"https:\/\/www.pestrekoberce.sk\/index.php?rest_route=\/wp\/v2\/users\/1"}],"replies":[{"embeddable":true,"href":"https:\/\/www.pestrekoberce.sk\/index.php?rest_route=%2Fwp%2Fv2%2Fcomments&post=43"}],"version-history":[{"count":4,"href":"https:\/\/www.pestrekoberce.sk\/index.php?rest_route=\/wp\/v2\/pages\/43\/revisions"}],"predecessor-version":[{"id":105,"href":"https:\/\/www.pestrekoberce.sk\/index.php?rest_route=\/wp\/v2\/pages\/43\/revisions\/105"}],"wp:attachment":[{"href":"https:\/\/www.pestrekoberce.sk\/index.php?rest_route=%2Fwp%2Fv2%2Fmedia&parent=43"}],"curies":[{"name":"wp","href":"https:\/\/api.w.org\/{rel}","templated":true}]}}