{"id":39,"date":"2025-08-27T13:52:31","date_gmt":"2025-08-27T11:52:31","guid":{"rendered":"https:\/\/www.pestrekoberce.sk\/?page_id=39"},"modified":"2025-08-27T16:11:30","modified_gmt":"2025-08-27T14:11:30","slug":"volne-koberce","status":"publish","type":"page","link":"https:\/\/www.pestrekoberce.sk\/?page_id=39","title":{"rendered":"Vo\u013en\u00e9 koberce"},"content":{"rendered":"\n<p><strong>Moment\u00e1lne nie je \u017eiadny koberec vo\u013ene k odoslaniu&#8230;<\/strong><\/p>\n","protected":false},"excerpt":{"rendered":"<p>Moment\u00e1lne nie je \u017eiadny koberec vo\u013ene k odoslaniu&#8230;<\/p>\n","protected":false},"author":1,"featured_media":0,"parent":0,"menu_order":0,"comment_status":"closed","ping_status":"closed","template":"","meta":{"footnotes":""},"class_list":["post-39","page","type-page","status-publish","hentry"],"_links":{"self":[{"href":"https:\/\/www.pestrekoberce.sk\/index.php?rest_route=\/wp\/v2\/pages\/39","targetHints":{"allow":["GET"]}}],"collection":[{"href":"https:\/\/www.pestrekoberce.sk\/index.php?rest_route=\/wp\/v2\/pages"}],"about":[{"href":"https:\/\/www.pestrekoberce.sk\/index.php?rest_route=\/wp\/v2\/types\/page"}],"author":[{"embeddable":true,"href":"https:\/\/www.pestrekoberce.sk\/index.php?rest_route=\/wp\/v2\/users\/1"}],"replies":[{"embeddable":true,"href":"https:\/\/www.pestrekoberce.sk\/index.php?rest_route=%2Fwp%2Fv2%2Fcomments&post=39"}],"version-history":[{"count":3,"href":"https:\/\/www.pestrekoberce.sk\/index.php?rest_route=\/wp\/v2\/pages\/39\/revisions"}],"predecessor-version":[{"id":103,"href":"https:\/\/www.pestrekoberce.sk\/index.php?rest_route=\/wp\/v2\/pages\/39\/revisions\/103"}],"wp:attachment":[{"href":"https:\/\/www.pestrekoberce.sk\/index.php?rest_route=%2Fwp%2Fv2%2Fmedia&parent=39"}],"curies":[{"name":"wp","href":"https:\/\/api.w.org\/{rel}","templated":true}]}}