{"id":37,"date":"2025-08-27T13:51:59","date_gmt":"2025-08-27T11:51:59","guid":{"rendered":"https:\/\/www.pestrekoberce.sk\/?page_id=37"},"modified":"2025-09-07T20:33:46","modified_gmt":"2025-09-07T18:33:46","slug":"galeria","status":"publish","type":"page","link":"https:\/\/www.pestrekoberce.sk\/?page_id=37","title":{"rendered":"Gal\u00e9ria"},"content":{"rendered":"\n<p class=\"has-black-color has-text-color has-link-color wp-elements-ff4cf7e763581166de8cb9e649305f58\"><strong>V mojej gal\u00e9ri\u00ed m\u00f4\u017ee\u0161 vidie\u0165 ka\u017ed\u00fd jeden koberec ak\u00fd som doteraz vyrobila. Okrem kobercov z kolekcie s\u00fa tu aj koberce vyroben\u00e9 priamo pre z\u00e1kazn\u00edkov pod\u013ea ich predst\u00e1v. <\/strong><\/p>\n\n\n\n<div class=\"wp-block-group is-layout-grid wp-container-core-group-is-layout-9649a0d9 wp-block-group-is-layout-grid\">\n<figure class=\"wp-block-gallery has-nested-images columns-default is-cropped wp-block-gallery-1 is-layout-flex wp-block-gallery-is-layout-flex\">\n<figure class=\"wp-block-image size-large\"><img loading=\"lazy\" decoding=\"async\" width=\"2560\" height=\"2560\" data-id=\"133\" src=\"https:\/\/www.pestrekoberce.sk\/wp-content\/uploads\/2025\/09\/IMG_20250907_074807-1-edited-scaled.jpg\" alt=\"\" class=\"wp-image-133\" srcset=\"https:\/\/www.pestrekoberce.sk\/wp-content\/uploads\/2025\/09\/IMG_20250907_074807-1-edited-scaled.jpg 2560w, https:\/\/www.pestrekoberce.sk\/wp-content\/uploads\/2025\/09\/IMG_20250907_074807-1-edited-300x300.jpg 300w, https:\/\/www.pestrekoberce.sk\/wp-content\/uploads\/2025\/09\/IMG_20250907_074807-1-edited-1024x1024.jpg 1024w, https:\/\/www.pestrekoberce.sk\/wp-content\/uploads\/2025\/09\/IMG_20250907_074807-1-edited-150x150.jpg 150w, https:\/\/www.pestrekoberce.sk\/wp-content\/uploads\/2025\/09\/IMG_20250907_074807-1-edited-768x768.jpg 768w, https:\/\/www.pestrekoberce.sk\/wp-content\/uploads\/2025\/09\/IMG_20250907_074807-1-edited-1536x1536.jpg 1536w, https:\/\/www.pestrekoberce.sk\/wp-content\/uploads\/2025\/09\/IMG_20250907_074807-1-edited-2048x2048.jpg 2048w\" sizes=\"auto, (max-width: 2560px) 100vw, 2560px\" \/><\/figure>\n<\/figure>\n<\/div>\n","protected":false},"excerpt":{"rendered":"<p>V mojej gal\u00e9ri\u00ed m\u00f4\u017ee\u0161 vidie\u0165 ka\u017ed\u00fd jeden koberec ak\u00fd som doteraz vyrobila. Okrem kobercov z kolekcie s\u00fa tu aj koberce vyroben\u00e9 priamo pre z\u00e1kazn\u00edkov pod\u013ea ich predst\u00e1v.<\/p>\n","protected":false},"author":1,"featured_media":0,"parent":0,"menu_order":0,"comment_status":"closed","ping_status":"closed","template":"","meta":{"footnotes":""},"class_list":["post-37","page","type-page","status-publish","hentry"],"_links":{"self":[{"href":"https:\/\/www.pestrekoberce.sk\/index.php?rest_route=\/wp\/v2\/pages\/37","targetHints":{"allow":["GET"]}}],"collection":[{"href":"https:\/\/www.pestrekoberce.sk\/index.php?rest_route=\/wp\/v2\/pages"}],"about":[{"href":"https:\/\/www.pestrekoberce.sk\/index.php?rest_route=\/wp\/v2\/types\/page"}],"author":[{"embeddable":true,"href":"https:\/\/www.pestrekoberce.sk\/index.php?rest_route=\/wp\/v2\/users\/1"}],"replies":[{"embeddable":true,"href":"https:\/\/www.pestrekoberce.sk\/index.php?rest_route=%2Fwp%2Fv2%2Fcomments&post=37"}],"version-history":[{"count":4,"href":"https:\/\/www.pestrekoberce.sk\/index.php?rest_route=\/wp\/v2\/pages\/37\/revisions"}],"predecessor-version":[{"id":134,"href":"https:\/\/www.pestrekoberce.sk\/index.php?rest_route=\/wp\/v2\/pages\/37\/revisions\/134"}],"wp:attachment":[{"href":"https:\/\/www.pestrekoberce.sk\/index.php?rest_route=%2Fwp%2Fv2%2Fmedia&parent=37"}],"curies":[{"name":"wp","href":"https:\/\/api.w.org\/{rel}","templated":true}]}}