{"id":24,"date":"2025-08-27T12:55:53","date_gmt":"2025-08-27T10:55:53","guid":{"rendered":"https:\/\/www.pestrekoberce.sk\/?page_id=24"},"modified":"2025-08-27T15:46:01","modified_gmt":"2025-08-27T13:46:01","slug":"kolekcie","status":"publish","type":"page","link":"https:\/\/www.pestrekoberce.sk\/?page_id=24","title":{"rendered":"Kolekcie"},"content":{"rendered":"\n<p class=\"has-black-color has-text-color has-link-color wp-elements-32125c6579d1cc928eb1353b05ecf3d2\">Tu n\u00e1jde\u0161 moje unik\u00e1tne kolekcie kobercov. Ka\u017ed\u00e1 kolekcia m\u00e1 svoj vlastn\u00fd pr\u00edbeh alebo t\u00e9mu. <\/p>\n\n\n\n<p class=\"has-black-color has-text-color has-link-color wp-elements-5b73d6ccbe8d2474b119a1189ee1a691\">Objavte, ktor\u00e1 kolekcia v\u00e1s oslov\u00ed najviac \u2013 ka\u017ed\u00e1 z nich nesie v sebe k\u00fasok radosti, farieb a jedine\u010dnosti.<\/p>\n\n\n\n<h2 class=\"wp-block-heading has-luminous-vivid-amber-color has-text-color has-link-color wp-elements-e2fa6133f83cd3c7d7b316c209240121\">Detsk\u00e9 koberce<\/h2>\n\n\n\n<ul class=\"wp-block-list\">\n<li class=\"has-black-color has-text-color has-link-color wp-elements-ae5c7e9feeec1a41dfccffb2ce21ccfa\"><a href=\"https:\/\/www.pestrekoberce.sk\/?page_id=56\" data-type=\"page\" data-id=\"56\">Happy Jungle<\/a><\/li>\n\n\n\n<li class=\"has-black-color has-text-color has-link-color wp-elements-0311753936817e0f87f4e7b378f12dec\"><a href=\"https:\/\/www.pestrekoberce.sk\/?page_id=75\" data-type=\"page\" data-id=\"75\">Pastel Dreams<\/a><\/li>\n<\/ul>\n\n\n\n<h2 class=\"wp-block-heading has-luminous-vivid-amber-color has-text-color has-link-color wp-elements-e794c162a4c049a23f8fe11edf6f6954\">Koberce do ob\u00fdva\u010dky<\/h2>\n\n\n\n<ul class=\"wp-block-list\">\n<li>Romantic Flowers<\/li>\n\n\n\n<li><\/li>\n<\/ul>\n\n\n\n<p><\/p>\n","protected":false},"excerpt":{"rendered":"<p>Tu n\u00e1jde\u0161 moje unik\u00e1tne kolekcie kobercov. Ka\u017ed\u00e1 kolekcia m\u00e1 svoj vlastn\u00fd pr\u00edbeh alebo t\u00e9mu. Objavte, ktor\u00e1 kolekcia v\u00e1s oslov\u00ed najviac \u2013 ka\u017ed\u00e1 z nich nesie v sebe k\u00fasok radosti, farieb a jedine\u010dnosti. Detsk\u00e9 koberce Koberce do ob\u00fdva\u010dky<\/p>\n","protected":false},"author":1,"featured_media":0,"parent":0,"menu_order":0,"comment_status":"closed","ping_status":"closed","template":"","meta":{"footnotes":""},"class_list":["post-24","page","type-page","status-publish","hentry"],"_links":{"self":[{"href":"https:\/\/www.pestrekoberce.sk\/index.php?rest_route=\/wp\/v2\/pages\/24","targetHints":{"allow":["GET"]}}],"collection":[{"href":"https:\/\/www.pestrekoberce.sk\/index.php?rest_route=\/wp\/v2\/pages"}],"about":[{"href":"https:\/\/www.pestrekoberce.sk\/index.php?rest_route=\/wp\/v2\/types\/page"}],"author":[{"embeddable":true,"href":"https:\/\/www.pestrekoberce.sk\/index.php?rest_route=\/wp\/v2\/users\/1"}],"replies":[{"embeddable":true,"href":"https:\/\/www.pestrekoberce.sk\/index.php?rest_route=%2Fwp%2Fv2%2Fcomments&post=24"}],"version-history":[{"count":7,"href":"https:\/\/www.pestrekoberce.sk\/index.php?rest_route=\/wp\/v2\/pages\/24\/revisions"}],"predecessor-version":[{"id":94,"href":"https:\/\/www.pestrekoberce.sk\/index.php?rest_route=\/wp\/v2\/pages\/24\/revisions\/94"}],"wp:attachment":[{"href":"https:\/\/www.pestrekoberce.sk\/index.php?rest_route=%2Fwp%2Fv2%2Fmedia&parent=24"}],"curies":[{"name":"wp","href":"https:\/\/api.w.org\/{rel}","templated":true}]}}